{"id":6085,"date":"2025-08-07T11:43:38","date_gmt":"2025-08-07T15:43:38","guid":{"rendered":"https:\/\/housewaysolutions.net\/?page_id=6085"},"modified":"2025-09-08T17:30:36","modified_gmt":"2025-09-08T21:30:36","slug":"about","status":"publish","type":"page","link":"https:\/\/housewaysolutions.net\/es\/about\/","title":{"rendered":"Nosotros"},"content":{"rendered":"<div data-elementor-type=\"wp-page\" data-elementor-id=\"6085\" class=\"elementor elementor-6085\">\n\t\t\t\t<div class=\"elementor-element elementor-element-3e4cd1b e-con-full e-flex e-con e-parent\" data-id=\"3e4cd1b\" data-element_type=\"container\" data-e-type=\"container\" data-settings=\"{&quot;background_background&quot;:&quot;classic&quot;}\">\n\t\t\t\t<div class=\"elementor-element elementor-element-ce042dc elementor-widget-divider--view-line elementor-widget elementor-widget-divider\" data-id=\"ce042dc\" data-element_type=\"widget\" data-e-type=\"widget\" data-widget_type=\"divider.default\">\n\t\t\t\t<div class=\"elementor-widget-container\">\n\t\t\t\t\t\t\t<div class=\"elementor-divider\">\n\t\t\t<span class=\"elementor-divider-separator\">\n\t\t\t\t\t\t<\/span>\n\t\t<\/div>\n\t\t\t\t\t\t<\/div>\n\t\t\t\t<\/div>\n\t\t\t\t<\/div>\n\t\t<div class=\"elementor-element elementor-element-7e72b05 e-flex e-con-boxed e-con e-parent\" data-id=\"7e72b05\" data-element_type=\"container\" data-e-type=\"container\" data-settings=\"{&quot;background_background&quot;:&quot;classic&quot;}\">\n\t\t\t\t\t<div class=\"e-con-inner\">\n\t\t\t\t<div class=\"elementor-element elementor-element-e924f0e elementor-widget elementor-widget-heading\" data-id=\"e924f0e\" data-element_type=\"widget\" data-e-type=\"widget\" data-widget_type=\"heading.default\">\n\t\t\t\t<div class=\"elementor-widget-container\">\n\t\t\t\t\t<h2 class=\"elementor-heading-title elementor-size-default\">Nosotros<\/h2>\t\t\t\t<\/div>\n\t\t\t\t<\/div>\n\t\t\t\t<div class=\"elementor-element elementor-element-7dea7bd elementor-widget elementor-widget-heading\" data-id=\"7dea7bd\" data-element_type=\"widget\" data-e-type=\"widget\" data-widget_type=\"heading.default\">\n\t\t\t\t<div class=\"elementor-widget-container\">\n\t\t\t\t\t<h2 class=\"elementor-heading-title elementor-size-default\">Conoce al equipo<\/h2>\t\t\t\t<\/div>\n\t\t\t\t<\/div>\n\t\t\t\t<div class=\"elementor-element elementor-element-afe6207 elementor-widget-divider--view-line_text elementor-widget-divider--element-align-center elementor-widget elementor-widget-divider\" data-id=\"afe6207\" data-element_type=\"widget\" data-e-type=\"widget\" data-widget_type=\"divider.default\">\n\t\t\t\t<div class=\"elementor-widget-container\">\n\t\t\t\t\t\t\t<div class=\"elementor-divider\">\n\t\t\t<span class=\"elementor-divider-separator\">\n\t\t\t\t\t\t\t<span class=\"elementor-divider__text elementor-divider__element\">\n\t\t\t\tEl \u00e9xito comienza aqu\u00ed\t\t\t\t<\/span>\n\t\t\t\t\t\t<\/span>\n\t\t<\/div>\n\t\t\t\t\t\t<\/div>\n\t\t\t\t<\/div>\n\t\t\t\t<div class=\"elementor-element elementor-element-344d1a4 elementor-widget elementor-widget-text-editor\" data-id=\"344d1a4\" data-element_type=\"widget\" data-e-type=\"widget\" data-widget_type=\"text-editor.default\">\n\t\t\t\t<div class=\"elementor-widget-container\">\n\t\t\t\t\t\t\t\t\t<p data-start=\"149\" data-end=\"487\">En Houseway Solutions, nuestro equipo se dedica a hacer que la propiedad y la inversi\u00f3n en Tampa Bay sean simples y sin estr\u00e9s. Desde la gesti\u00f3n de alquileres y la compra de propiedades en dificultades hasta la creaci\u00f3n de land trusts y la conexi\u00f3n con financiamiento, trabajamos en conjunto para ofrecer soluciones en las que propietarios, inversionistas y arrendatarios puedan confiar.<\/p><p data-start=\"489\" data-end=\"708\">Lo que nos distingue es nuestro conocimiento local y nuestra capacidad de servir a la comunidad en ingl\u00e9s y en espa\u00f1ol. Estamos aqu\u00ed para asegurarnos de que cada cliente se sienta comprendido, apoyado y con plena confianza en cada paso del camino<\/p><p data-start=\"710\" data-end=\"887\">Detr\u00e1s de cada servicio que ofrecemos hay un equipo que valora la honestidad, el profesionalismo y un enfoque pr\u00e1ctico para resolver los desaf\u00edos de propietarios e inversionistas en todo Tampa Bay<\/p>\t\t\t\t\t\t\t\t<\/div>\n\t\t\t\t<\/div>\n\t\t\t\t\t<\/div>\n\t\t\t\t<\/div>\n\t\t\t\t<\/div>","protected":false},"excerpt":{"rendered":"<p>About Us Meet the Team Smart Moves Start Here At Houseway Solutions, our team is dedicated to making property ownership and investment in Tampa Bay simple and stress-free. From managing rentals and purchasing distressed homes to providing land trust services and connecting clients with funding, we work together to deliver solutions that owners, investors, and [&hellip;]<\/p>\n","protected":false},"author":1,"featured_media":0,"parent":0,"menu_order":0,"comment_status":"closed","ping_status":"closed","template":"","meta":{"site-sidebar-layout":"no-sidebar","site-content-layout":"page-builder","ast-site-content-layout":"full-width-container","site-content-style":"unboxed","site-sidebar-style":"unboxed","ast-global-header-display":"","ast-banner-title-visibility":"disabled","ast-main-header-display":"","ast-hfb-above-header-display":"","ast-hfb-below-header-display":"","ast-hfb-mobile-header-display":"","site-post-title":"","ast-breadcrumbs-content":"disabled","ast-featured-img":"disabled","footer-sml-layout":"","ast-disable-related-posts":"","theme-transparent-header-meta":"enabled","adv-header-id-meta":"","stick-header-meta":"","header-above-stick-meta":"","header-main-stick-meta":"","header-below-stick-meta":"","astra-migrate-meta-layouts":"set","ast-page-background-enabled":"default","ast-page-background-meta":{"desktop":{"background-color":"","background-image":"","background-repeat":"repeat","background-position":"center center","background-size":"auto","background-attachment":"scroll","background-type":"","background-media":"","overlay-type":"","overlay-color":"","overlay-opacity":"","overlay-gradient":""},"tablet":{"background-color":"","background-image":"","background-repeat":"repeat","background-position":"center center","background-size":"auto","background-attachment":"scroll","background-type":"","background-media":"","overlay-type":"","overlay-color":"","overlay-opacity":"","overlay-gradient":""},"mobile":{"background-color":"","background-image":"","background-repeat":"repeat","background-position":"center center","background-size":"auto","background-attachment":"scroll","background-type":"","background-media":"","overlay-type":"","overlay-color":"","overlay-opacity":"","overlay-gradient":""}},"ast-content-background-meta":{"desktop":{"background-color":"var(--ast-global-color-5)","background-image":"","background-repeat":"repeat","background-position":"center center","background-size":"auto","background-attachment":"scroll","background-type":"","background-media":"","overlay-type":"","overlay-color":"","overlay-opacity":"","overlay-gradient":""},"tablet":{"background-color":"var(--ast-global-color-5)","background-image":"","background-repeat":"repeat","background-position":"center center","background-size":"auto","background-attachment":"scroll","background-type":"","background-media":"","overlay-type":"","overlay-color":"","overlay-opacity":"","overlay-gradient":""},"mobile":{"background-color":"var(--ast-global-color-5)","background-image":"","background-repeat":"repeat","background-position":"center center","background-size":"auto","background-attachment":"scroll","background-type":"","background-media":"","overlay-type":"","overlay-color":"","overlay-opacity":"","overlay-gradient":""}},"footnotes":""},"class_list":["post-6085","page","type-page","status-publish","hentry"],"_links":{"self":[{"href":"https:\/\/housewaysolutions.net\/es\/wp-json\/wp\/v2\/pages\/6085","targetHints":{"allow":["GET"]}}],"collection":[{"href":"https:\/\/housewaysolutions.net\/es\/wp-json\/wp\/v2\/pages"}],"about":[{"href":"https:\/\/housewaysolutions.net\/es\/wp-json\/wp\/v2\/types\/page"}],"author":[{"embeddable":true,"href":"https:\/\/housewaysolutions.net\/es\/wp-json\/wp\/v2\/users\/1"}],"replies":[{"embeddable":true,"href":"https:\/\/housewaysolutions.net\/es\/wp-json\/wp\/v2\/comments?post=6085"}],"version-history":[{"count":16,"href":"https:\/\/housewaysolutions.net\/es\/wp-json\/wp\/v2\/pages\/6085\/revisions"}],"predecessor-version":[{"id":6803,"href":"https:\/\/housewaysolutions.net\/es\/wp-json\/wp\/v2\/pages\/6085\/revisions\/6803"}],"wp:attachment":[{"href":"https:\/\/housewaysolutions.net\/es\/wp-json\/wp\/v2\/media?parent=6085"}],"curies":[{"name":"wp","href":"https:\/\/api.w.org\/{rel}","templated":true}]}}